{"id":8,"date":"2024-08-27T17:06:17","date_gmt":"2024-08-27T17:06:17","guid":{"rendered":"https:\/\/wpaltitudeplatform.dev-airmob-digital.com\/?page_id=8"},"modified":"2024-09-02T13:06:35","modified_gmt":"2024-09-02T13:06:35","slug":"actualites","status":"publish","type":"page","link":"https:\/\/wpaltitudeplatform.dev-airmob-digital.com\/?page_id=8","title":{"rendered":"Actualit\u00e9s"},"content":{"rendered":"\t\t<div data-elementor-type=\"wp-post\" data-elementor-id=\"8\" class=\"elementor elementor-8\" data-elementor-post-type=\"page\">\n\t\t\t\t\t\t<section class=\"elementor-section elementor-top-section elementor-element elementor-element-fb71535 elementor-section-boxed elementor-section-height-default elementor-section-height-default\" data-id=\"fb71535\" data-element_type=\"section\" data-settings=\"{&quot;background_background&quot;:&quot;classic&quot;}\">\n\t\t\t\t\t\t<div class=\"elementor-container elementor-column-gap-default\">\n\t\t\t\t\t<div class=\"elementor-column elementor-col-100 elementor-top-column elementor-element elementor-element-e317a74\" data-id=\"e317a74\" data-element_type=\"column\">\n\t\t\t<div class=\"elementor-widget-wrap elementor-element-populated\">\n\t\t\t\t\t\t<div class=\"elementor-element elementor-element-8c89d89 elementor-widget elementor-widget-heading\" data-id=\"8c89d89\" data-element_type=\"widget\" data-widget_type=\"heading.default\">\n\t\t\t\t<div class=\"elementor-widget-container\">\n\t\t\t<h1 class=\"elementor-heading-title elementor-size-default\">Actualit\u00e9s<\/h1>\t\t<\/div>\n\t\t\t\t<\/div>\n\t\t\t\t\t<\/div>\n\t\t<\/div>\n\t\t\t\t\t<\/div>\n\t\t<\/section>\n\t\t\t\t<section class=\"elementor-section elementor-top-section elementor-element elementor-element-4ffd288 elementor-section-boxed elementor-section-height-default elementor-section-height-default\" data-id=\"4ffd288\" data-element_type=\"section\">\n\t\t\t\t\t\t<div class=\"elementor-container elementor-column-gap-default\">\n\t\t\t\t\t<div class=\"elementor-column elementor-col-100 elementor-top-column elementor-element elementor-element-6430ef4\" data-id=\"6430ef4\" data-element_type=\"column\">\n\t\t\t<div class=\"elementor-widget-wrap elementor-element-populated\">\n\t\t\t\t\t\t<div class=\"elementor-element elementor-element-ee6a23e elementor-grid-3 elementor-grid-tablet-2 elementor-grid-mobile-1 elementor-widget elementor-widget-loop-grid\" data-id=\"ee6a23e\" data-element_type=\"widget\" data-settings=\"{&quot;template_id&quot;:70,&quot;pagination_type&quot;:&quot;numbers&quot;,&quot;_skin&quot;:&quot;post&quot;,&quot;columns&quot;:&quot;3&quot;,&quot;columns_tablet&quot;:&quot;2&quot;,&quot;columns_mobile&quot;:&quot;1&quot;,&quot;edit_handle_selector&quot;:&quot;[data-elementor-type=\\&quot;loop-item\\&quot;]&quot;,&quot;pagination_load_type&quot;:&quot;page_reload&quot;,&quot;row_gap&quot;:{&quot;unit&quot;:&quot;px&quot;,&quot;size&quot;:&quot;&quot;,&quot;sizes&quot;:[]},&quot;row_gap_laptop&quot;:{&quot;unit&quot;:&quot;px&quot;,&quot;size&quot;:&quot;&quot;,&quot;sizes&quot;:[]},&quot;row_gap_tablet&quot;:{&quot;unit&quot;:&quot;px&quot;,&quot;size&quot;:&quot;&quot;,&quot;sizes&quot;:[]},&quot;row_gap_mobile&quot;:{&quot;unit&quot;:&quot;px&quot;,&quot;size&quot;:&quot;&quot;,&quot;sizes&quot;:[]}}\" data-widget_type=\"loop-grid.post\">\n\t\t\t\t<div class=\"elementor-widget-container\">\n\t\t\t\t\t<div class=\"elementor-loop-container elementor-grid\">\n\t\t<style id=\"loop-70\">.elementor-70 .elementor-element.elementor-element-da2706c:not(.elementor-motion-effects-element-type-background) > .elementor-widget-wrap, .elementor-70 .elementor-element.elementor-element-da2706c > .elementor-widget-wrap > .elementor-motion-effects-container > .elementor-motion-effects-layer{background-color:#FFFFFF;}.elementor-bc-flex-widget .elementor-70 .elementor-element.elementor-element-da2706c.elementor-column .elementor-widget-wrap{align-items:space-between;}.elementor-70 .elementor-element.elementor-element-da2706c.elementor-column.elementor-element[data-element_type=\"column\"] > .elementor-widget-wrap.elementor-element-populated{align-content:space-between;align-items:space-between;}.elementor-70 .elementor-element.elementor-element-da2706c > .elementor-element-populated{border-style:solid;border-width:.1em .1em .1em .1em;border-color:var( --e-global-color-ed65f2e );transition:background 0.3s, border 0.3s, border-radius 0.3s, box-shadow 0.3s;padding:1em 1em 2em 1em;}.elementor-70 .elementor-element.elementor-element-da2706c > .elementor-element-populated, .elementor-70 .elementor-element.elementor-element-da2706c > .elementor-element-populated > .elementor-background-overlay, .elementor-70 .elementor-element.elementor-element-da2706c > .elementor-background-slideshow{border-radius:1em 1em 1em 1em;}.elementor-70 .elementor-element.elementor-element-da2706c > .elementor-element-populated > .elementor-background-overlay{transition:background 0.3s, border-radius 0.3s, opacity 0.3s;}.elementor-70 .elementor-element.elementor-element-39f252c img{border-radius:1em 1em 1em 1em;}.elementor-70 .elementor-element.elementor-element-14806c9 > .elementor-widget-container{padding:0em 1em 0em 1em;}.elementor-70 .elementor-element.elementor-element-14806c9 .elementor-heading-title{color:var( --e-global-color-2a8781e );font-family:\"Figtree\", Sans-serif;font-size:1.25em;font-weight:700;}.elementor-70 .elementor-element.elementor-element-337e131 > .elementor-widget-container{padding:0em 1em 0em 1em;}.elementor-70 .elementor-element.elementor-element-337e131 .elementor-widget-container{color:#000000;font-family:\"Figtree\", Sans-serif;font-size:1em;font-weight:300;}.elementor-70 .elementor-element.elementor-element-c0160ca .elementor-button{background-color:var( --e-global-color-e68aa36 );font-family:\"Figtree\", Sans-serif;font-size:1.125em;font-weight:700;fill:#FFFFFF;color:#FFFFFF;border-radius:2em 2em 2em 2em;padding:0.5em 2em 0.5em 2em;}<\/style>\t\t<div data-elementor-type=\"loop-item\" data-elementor-id=\"70\" class=\"elementor elementor-70 e-loop-item e-loop-item-225 post-225 post type-post status-publish format-standard has-post-thumbnail hentry category-uncategorized\" data-elementor-post-type=\"elementor_library\" data-custom-edit-handle=\"1\">\n\t\t\t\t\t<section class=\"elementor-section elementor-top-section elementor-element elementor-element-7bfa675 elementor-section-boxed elementor-section-height-default elementor-section-height-default\" data-id=\"7bfa675\" data-element_type=\"section\">\n\t\t\t\t\t\t<div class=\"elementor-container elementor-column-gap-default\">\n\t\t\t\t\t<div class=\"elementor-column elementor-col-100 elementor-top-column elementor-element elementor-element-da2706c\" data-id=\"da2706c\" data-element_type=\"column\" data-settings=\"{&quot;background_background&quot;:&quot;classic&quot;}\">\n\t\t\t<div class=\"elementor-widget-wrap elementor-element-populated\">\n\t\t\t\t\t\t<div class=\"elementor-element elementor-element-39f252c elementor-widget elementor-widget-theme-post-featured-image elementor-widget-image\" data-id=\"39f252c\" data-element_type=\"widget\" data-widget_type=\"theme-post-featured-image.default\">\n\t\t\t\t<div class=\"elementor-widget-container\">\n\t\t\t\t\t\t\t\t\t\t\t\t\t\t<a href=\"https:\/\/wpaltitudeplatform.dev-airmob-digital.com\/?p=225\">\n\t\t\t\t\t\t\t<img fetchpriority=\"high\" decoding=\"async\" width=\"380\" height=\"147\" src=\"https:\/\/wpaltitudeplatform.dev-airmob-digital.com\/wp-content\/uploads\/2024\/08\/Rectangle-86-copy1.png\" class=\"attachment-full size-full wp-image-58\" alt=\"\" srcset=\"https:\/\/wpaltitudeplatform.dev-airmob-digital.com\/wp-content\/uploads\/2024\/08\/Rectangle-86-copy1.png 380w, https:\/\/wpaltitudeplatform.dev-airmob-digital.com\/wp-content\/uploads\/2024\/08\/Rectangle-86-copy1-300x116.png 300w\" sizes=\"(max-width: 380px) 100vw, 380px\" \/>\t\t\t\t\t\t\t\t<\/a>\n\t\t\t\t\t\t\t\t\t\t\t\t\t<\/div>\n\t\t\t\t<\/div>\n\t\t\t\t<div class=\"elementor-element elementor-element-14806c9 elementor-widget elementor-widget-theme-post-title elementor-page-title elementor-widget-heading\" data-id=\"14806c9\" data-element_type=\"widget\" data-widget_type=\"theme-post-title.default\">\n\t\t\t\t<div class=\"elementor-widget-container\">\n\t\t\t<h3 class=\"elementor-heading-title elementor-size-default\"><a href=\"https:\/\/wpaltitudeplatform.dev-airmob-digital.com\/?p=225\">L\u2019ADSL s\u2019en va bient\u00f4t \u2026 La fibre est d\u00e9j\u00e0 l\u00e0 !<\/a><\/h3>\t\t<\/div>\n\t\t\t\t<\/div>\n\t\t\t\t<div class=\"elementor-element elementor-element-337e131 elementor-widget elementor-widget-theme-post-excerpt\" data-id=\"337e131\" data-element_type=\"widget\" data-widget_type=\"theme-post-excerpt.default\">\n\t\t\t\t<div class=\"elementor-widget-container\">\n\t\t\tArret adsl \u2013 fibre Altitude Infra est disponible L\u2019arr\u00eat du cuivre, technologie support des anciennes lignes fixes t\u00e9l\u00e9phoniques[\u2026]\t\t<\/div>\n\t\t\t\t<\/div>\n\t\t\t\t<div class=\"elementor-element elementor-element-c0160ca elementor-align-right elementor-widget elementor-widget-button\" data-id=\"c0160ca\" data-element_type=\"widget\" data-widget_type=\"button.default\">\n\t\t\t\t<div class=\"elementor-widget-container\">\n\t\t\t\t\t<div class=\"elementor-button-wrapper\">\n\t\t\t<a class=\"elementor-button elementor-button-link elementor-size-sm\" href=\"https:\/\/wpaltitudeplatform.dev-airmob-digital.com\/?p=225\">\n\t\t\t\t\t\t<span class=\"elementor-button-content-wrapper\">\n\t\t\t\t\t\t\t\t\t<span class=\"elementor-button-text\">Lire plus<\/span>\n\t\t\t\t\t<\/span>\n\t\t\t\t\t<\/a>\n\t\t<\/div>\n\t\t\t\t<\/div>\n\t\t\t\t<\/div>\n\t\t\t\t\t<\/div>\n\t\t<\/div>\n\t\t\t\t\t<\/div>\n\t\t<\/section>\n\t\t\t\t<\/div>\n\t\t\t\t<div data-elementor-type=\"loop-item\" data-elementor-id=\"70\" class=\"elementor elementor-70 e-loop-item e-loop-item-223 post-223 post type-post status-publish format-standard has-post-thumbnail hentry category-uncategorized\" data-elementor-post-type=\"elementor_library\" data-custom-edit-handle=\"1\">\n\t\t\t\t\t<section class=\"elementor-section elementor-top-section elementor-element elementor-element-7bfa675 elementor-section-boxed elementor-section-height-default elementor-section-height-default\" data-id=\"7bfa675\" data-element_type=\"section\">\n\t\t\t\t\t\t<div class=\"elementor-container elementor-column-gap-default\">\n\t\t\t\t\t<div class=\"elementor-column elementor-col-100 elementor-top-column elementor-element elementor-element-da2706c\" data-id=\"da2706c\" data-element_type=\"column\" data-settings=\"{&quot;background_background&quot;:&quot;classic&quot;}\">\n\t\t\t<div class=\"elementor-widget-wrap elementor-element-populated\">\n\t\t\t\t\t\t<div class=\"elementor-element elementor-element-39f252c elementor-widget elementor-widget-theme-post-featured-image elementor-widget-image\" data-id=\"39f252c\" data-element_type=\"widget\" data-widget_type=\"theme-post-featured-image.default\">\n\t\t\t\t<div class=\"elementor-widget-container\">\n\t\t\t\t\t\t\t\t\t\t\t\t\t\t<a href=\"https:\/\/wpaltitudeplatform.dev-airmob-digital.com\/?p=223\">\n\t\t\t\t\t\t\t<img decoding=\"async\" width=\"380\" height=\"147\" src=\"https:\/\/wpaltitudeplatform.dev-airmob-digital.com\/wp-content\/uploads\/2024\/08\/Rectangle-86-copy3.png\" class=\"attachment-full size-full wp-image-60\" alt=\"\" srcset=\"https:\/\/wpaltitudeplatform.dev-airmob-digital.com\/wp-content\/uploads\/2024\/08\/Rectangle-86-copy3.png 380w, https:\/\/wpaltitudeplatform.dev-airmob-digital.com\/wp-content\/uploads\/2024\/08\/Rectangle-86-copy3-300x116.png 300w\" sizes=\"(max-width: 380px) 100vw, 380px\" \/>\t\t\t\t\t\t\t\t<\/a>\n\t\t\t\t\t\t\t\t\t\t\t\t\t<\/div>\n\t\t\t\t<\/div>\n\t\t\t\t<div class=\"elementor-element elementor-element-14806c9 elementor-widget elementor-widget-theme-post-title elementor-page-title elementor-widget-heading\" data-id=\"14806c9\" data-element_type=\"widget\" data-widget_type=\"theme-post-title.default\">\n\t\t\t\t<div class=\"elementor-widget-container\">\n\t\t\t<h3 class=\"elementor-heading-title elementor-size-default\"><a href=\"https:\/\/wpaltitudeplatform.dev-airmob-digital.com\/?p=223\">Newsletter #6 \u2013 octobre 2023<\/a><\/h3>\t\t<\/div>\n\t\t\t\t<\/div>\n\t\t\t\t<div class=\"elementor-element elementor-element-337e131 elementor-widget elementor-widget-theme-post-excerpt\" data-id=\"337e131\" data-element_type=\"widget\" data-widget_type=\"theme-post-excerpt.default\">\n\t\t\t\t<div class=\"elementor-widget-container\">\n\t\t\tCh\u00e8res \u00e9lues, chers \u00e9lus, Vous trouverez dans ce num\u00e9ro les articles suivants : Le d\u00e9commissionnement du Cuivre : Un chantier[\u2026]\t\t<\/div>\n\t\t\t\t<\/div>\n\t\t\t\t<div class=\"elementor-element elementor-element-c0160ca elementor-align-right elementor-widget elementor-widget-button\" data-id=\"c0160ca\" data-element_type=\"widget\" data-widget_type=\"button.default\">\n\t\t\t\t<div class=\"elementor-widget-container\">\n\t\t\t\t\t<div class=\"elementor-button-wrapper\">\n\t\t\t<a class=\"elementor-button elementor-button-link elementor-size-sm\" href=\"https:\/\/wpaltitudeplatform.dev-airmob-digital.com\/?p=223\">\n\t\t\t\t\t\t<span class=\"elementor-button-content-wrapper\">\n\t\t\t\t\t\t\t\t\t<span class=\"elementor-button-text\">Lire plus<\/span>\n\t\t\t\t\t<\/span>\n\t\t\t\t\t<\/a>\n\t\t<\/div>\n\t\t\t\t<\/div>\n\t\t\t\t<\/div>\n\t\t\t\t\t<\/div>\n\t\t<\/div>\n\t\t\t\t\t<\/div>\n\t\t<\/section>\n\t\t\t\t<\/div>\n\t\t\t\t<div data-elementor-type=\"loop-item\" data-elementor-id=\"70\" class=\"elementor elementor-70 e-loop-item e-loop-item-221 post-221 post type-post status-publish format-standard has-post-thumbnail hentry category-uncategorized\" data-elementor-post-type=\"elementor_library\" data-custom-edit-handle=\"1\">\n\t\t\t\t\t<section class=\"elementor-section elementor-top-section elementor-element elementor-element-7bfa675 elementor-section-boxed elementor-section-height-default elementor-section-height-default\" data-id=\"7bfa675\" data-element_type=\"section\">\n\t\t\t\t\t\t<div class=\"elementor-container elementor-column-gap-default\">\n\t\t\t\t\t<div class=\"elementor-column elementor-col-100 elementor-top-column elementor-element elementor-element-da2706c\" data-id=\"da2706c\" data-element_type=\"column\" data-settings=\"{&quot;background_background&quot;:&quot;classic&quot;}\">\n\t\t\t<div class=\"elementor-widget-wrap elementor-element-populated\">\n\t\t\t\t\t\t<div class=\"elementor-element elementor-element-39f252c elementor-widget elementor-widget-theme-post-featured-image elementor-widget-image\" data-id=\"39f252c\" data-element_type=\"widget\" data-widget_type=\"theme-post-featured-image.default\">\n\t\t\t\t<div class=\"elementor-widget-container\">\n\t\t\t\t\t\t\t\t\t\t\t\t\t\t<a href=\"https:\/\/wpaltitudeplatform.dev-airmob-digital.com\/?p=221\">\n\t\t\t\t\t\t\t<img decoding=\"async\" width=\"380\" height=\"147\" src=\"https:\/\/wpaltitudeplatform.dev-airmob-digital.com\/wp-content\/uploads\/2024\/08\/Rectangle-86-copy4.png\" class=\"attachment-full size-full wp-image-62\" alt=\"\" srcset=\"https:\/\/wpaltitudeplatform.dev-airmob-digital.com\/wp-content\/uploads\/2024\/08\/Rectangle-86-copy4.png 380w, https:\/\/wpaltitudeplatform.dev-airmob-digital.com\/wp-content\/uploads\/2024\/08\/Rectangle-86-copy4-300x116.png 300w\" sizes=\"(max-width: 380px) 100vw, 380px\" \/>\t\t\t\t\t\t\t\t<\/a>\n\t\t\t\t\t\t\t\t\t\t\t\t\t<\/div>\n\t\t\t\t<\/div>\n\t\t\t\t<div class=\"elementor-element elementor-element-14806c9 elementor-widget elementor-widget-theme-post-title elementor-page-title elementor-widget-heading\" data-id=\"14806c9\" data-element_type=\"widget\" data-widget_type=\"theme-post-title.default\">\n\t\t\t\t<div class=\"elementor-widget-container\">\n\t\t\t<h3 class=\"elementor-heading-title elementor-size-default\"><a href=\"https:\/\/wpaltitudeplatform.dev-airmob-digital.com\/?p=221\">Newsletter #5 \u2013 ao\u00fbt 2023<\/a><\/h3>\t\t<\/div>\n\t\t\t\t<\/div>\n\t\t\t\t<div class=\"elementor-element elementor-element-337e131 elementor-widget elementor-widget-theme-post-excerpt\" data-id=\"337e131\" data-element_type=\"widget\" data-widget_type=\"theme-post-excerpt.default\">\n\t\t\t\t<div class=\"elementor-widget-container\">\n\t\t\tCh\u00e8res \u00e9lues, chers \u00e9lus, Vous trouverez dans ce num\u00e9ro les articles suivants : La fibre : une bascule technologique sur[\u2026]\t\t<\/div>\n\t\t\t\t<\/div>\n\t\t\t\t<div class=\"elementor-element elementor-element-c0160ca elementor-align-right elementor-widget elementor-widget-button\" data-id=\"c0160ca\" data-element_type=\"widget\" data-widget_type=\"button.default\">\n\t\t\t\t<div class=\"elementor-widget-container\">\n\t\t\t\t\t<div class=\"elementor-button-wrapper\">\n\t\t\t<a class=\"elementor-button elementor-button-link elementor-size-sm\" href=\"https:\/\/wpaltitudeplatform.dev-airmob-digital.com\/?p=221\">\n\t\t\t\t\t\t<span class=\"elementor-button-content-wrapper\">\n\t\t\t\t\t\t\t\t\t<span class=\"elementor-button-text\">Lire plus<\/span>\n\t\t\t\t\t<\/span>\n\t\t\t\t\t<\/a>\n\t\t<\/div>\n\t\t\t\t<\/div>\n\t\t\t\t<\/div>\n\t\t\t\t\t<\/div>\n\t\t<\/div>\n\t\t\t\t\t<\/div>\n\t\t<\/section>\n\t\t\t\t<\/div>\n\t\t\t\t<\/div>\n\t\t\n\t\t\t\t<\/div>\n\t\t\t\t<\/div>\n\t\t\t\t\t<\/div>\n\t\t<\/div>\n\t\t\t\t\t<\/div>\n\t\t<\/section>\n\t\t\t\t<\/div>\n\t\t","protected":false},"excerpt":{"rendered":"<p>Actualit\u00e9s<\/p>\n","protected":false},"author":1,"featured_media":0,"parent":0,"menu_order":0,"comment_status":"closed","ping_status":"closed","template":"elementor_header_footer","meta":{"_acf_changed":false,"inline_featured_image":false,"footnotes":""},"class_list":["post-8","page","type-page","status-publish","hentry"],"acf":[],"_links":{"self":[{"href":"https:\/\/wpaltitudeplatform.dev-airmob-digital.com\/index.php?rest_route=\/wp\/v2\/pages\/8","targetHints":{"allow":["GET"]}}],"collection":[{"href":"https:\/\/wpaltitudeplatform.dev-airmob-digital.com\/index.php?rest_route=\/wp\/v2\/pages"}],"about":[{"href":"https:\/\/wpaltitudeplatform.dev-airmob-digital.com\/index.php?rest_route=\/wp\/v2\/types\/page"}],"author":[{"embeddable":true,"href":"https:\/\/wpaltitudeplatform.dev-airmob-digital.com\/index.php?rest_route=\/wp\/v2\/users\/1"}],"replies":[{"embeddable":true,"href":"https:\/\/wpaltitudeplatform.dev-airmob-digital.com\/index.php?rest_route=%2Fwp%2Fv2%2Fcomments&post=8"}],"version-history":[{"count":44,"href":"https:\/\/wpaltitudeplatform.dev-airmob-digital.com\/index.php?rest_route=\/wp\/v2\/pages\/8\/revisions"}],"predecessor-version":[{"id":335,"href":"https:\/\/wpaltitudeplatform.dev-airmob-digital.com\/index.php?rest_route=\/wp\/v2\/pages\/8\/revisions\/335"}],"wp:attachment":[{"href":"https:\/\/wpaltitudeplatform.dev-airmob-digital.com\/index.php?rest_route=%2Fwp%2Fv2%2Fmedia&parent=8"}],"curies":[{"name":"wp","href":"https:\/\/api.w.org\/{rel}","templated":true}]}}